{"id":1594,"date":"2026-03-11T18:07:08","date_gmt":"2026-03-11T17:07:08","guid":{"rendered":"https:\/\/gaestehaus-willanzheim.de\/wordpress\/?page_id=1594"},"modified":"2026-04-21T13:05:50","modified_gmt":"2026-04-21T11:05:50","slug":"kontakt","status":"publish","type":"page","link":"https:\/\/www.gaestehaus-willanzheim.de\/en\/kontakt\/","title":{"rendered":"Contact"},"content":{"rendered":"\t\t<div data-elementor-type=\"wp-page\" data-elementor-id=\"1594\" class=\"elementor elementor-1594\">\n\t\t\t\t<div class=\"elementor-element elementor-element-7c3ddeb e-flex e-con-boxed e-con e-parent\" data-id=\"7c3ddeb\" data-element_type=\"container\" data-e-type=\"container\">\n\t\t\t\t\t<div class=\"e-con-inner\">\n\t\t<div class=\"elementor-element elementor-element-2c5f7ce e-con-full e-flex e-con e-child\" data-id=\"2c5f7ce\" data-element_type=\"container\" data-e-type=\"container\">\n\t\t\t\t<div class=\"elementor-element elementor-element-7cacbfa elementor-absolute elementor-widget elementor-widget-heading\" data-id=\"7cacbfa\" data-element_type=\"widget\" data-e-type=\"widget\" data-settings=\"{&quot;_position&quot;:&quot;absolute&quot;}\" data-widget_type=\"heading.default\">\n\t\t\t\t\t<h2 class=\"elementor-heading-title elementor-size-default\">Wir freuen uns auf Ihren Besuch<\/h2>\t\t\t\t<\/div>\n\t\t<div class=\"elementor-element elementor-element-eff240b e-con-full e-flex e-con e-child\" data-id=\"eff240b\" data-element_type=\"container\" data-e-type=\"container\">\n\t\t\t\t<div class=\"elementor-element elementor-element-03de371 elementor-widget elementor-widget-text-editor\" data-id=\"03de371\" data-element_type=\"widget\" data-e-type=\"widget\" data-widget_type=\"text-editor.default\">\n\t\t\t\t\t\t\t\t\t<div class=\"elementor-element elementor-element-c070fbd e-con-full e-flex e-con e-child\" data-id=\"c070fbd\" data-element_type=\"container\" data-e-type=\"container\"><div class=\"elementor-element elementor-element-aa57aac elementor-widget elementor-widget-text-editor\" data-id=\"aa57aac\" data-element_type=\"widget\" data-e-type=\"widget\" data-widget_type=\"text-editor.default\"><p><strong>G\u00e4stehaus Willanzheim<\/strong><br \/>Marktplatz 7<br \/>97348 Willanzheim<\/p><\/div><\/div><div class=\"elementor-element elementor-element-6b314ea e-con-full e-flex e-con e-child\" data-id=\"6b314ea\" data-element_type=\"container\" data-e-type=\"container\"><div class=\"elementor-element elementor-element-0907522 elementor-widget elementor-widget-text-editor\" data-id=\"0907522\" data-element_type=\"widget\" data-e-type=\"widget\" data-widget_type=\"text-editor.default\"><p class=\"p1\"><a href=\"mailto:kontakt@gaestehaus-willanzheim.de\">kontakt@gaestehaus-willanzheim.de<\/a><\/p><p>Telefon: <a href=\"tel:004993239689960\">09323 \u2013 9689960<\/a><br \/>Whatsapp: <a href=\"https:\/\/wa.me\/491737032823\">+49 (0)173 703 28 23<\/a><\/p><\/div><\/div>\t\t\t\t\t\t\t\t<\/div>\n\t\t\t\t<\/div>\n\t\t<div class=\"elementor-element elementor-element-2e4a81a e-con-full animated-fast e-flex elementor-invisible e-con e-child\" data-id=\"2e4a81a\" data-element_type=\"container\" data-e-type=\"container\" data-settings=\"{&quot;background_background&quot;:&quot;classic&quot;,&quot;animation&quot;:&quot;slideInRight&quot;}\">\n\t\t<div class=\"elementor-element elementor-element-26d075f e-con-full animated-slow e-flex elementor-invisible e-con e-child\" data-id=\"26d075f\" data-element_type=\"container\" data-e-type=\"container\" data-settings=\"{&quot;background_background&quot;:&quot;classic&quot;,&quot;animation&quot;:&quot;slideInRight&quot;,&quot;animation_delay&quot;:100}\">\n\t\t\t\t<\/div>\n\t\t\t\t<\/div>\n\t\t\t\t<\/div>\n\t\t\t\t\t<\/div>\n\t\t\t\t<\/div>\n\t\t<div class=\"elementor-element elementor-element-6ce8d23 e-flex e-con-boxed e-con e-parent\" data-id=\"6ce8d23\" data-element_type=\"container\" data-e-type=\"container\" data-settings=\"{&quot;background_background&quot;:&quot;classic&quot;}\">\n\t\t\t\t\t<div class=\"e-con-inner\">\n\t\t<div class=\"elementor-element elementor-element-43e1731 e-con-full e-flex e-con e-child\" data-id=\"43e1731\" data-element_type=\"container\" data-e-type=\"container\">\n\t\t\t\t<div class=\"elementor-element elementor-element-d5d7d3a elementor-widget elementor-widget-heading\" data-id=\"d5d7d3a\" data-element_type=\"widget\" data-e-type=\"widget\" data-widget_type=\"heading.default\">\n\t\t\t\t\t<h2 class=\"elementor-heading-title elementor-size-default\">Kontakt<\/h2>\t\t\t\t<\/div>\n\t\t\t\t<div class=\"elementor-element elementor-element-315f74c elementor-widget elementor-widget-wpforms\" data-id=\"315f74c\" data-element_type=\"widget\" data-e-type=\"widget\" data-widget_type=\"wpforms.default\">\n\t\t\t\t<div class=\"elementor-widget-container\">\n\t\t\t\t\t<div class=\"wpforms-container wpforms-container-full\" id=\"wpforms-6\"><form id=\"wpforms-form-6\" class=\"wpforms-validate wpforms-form wpforms-ajax-form\" data-formid=\"6\" method=\"post\" enctype=\"multipart\/form-data\" action=\"\/en\/wp-json\/wp\/v2\/pages\/1594\" data-token=\"7f90a0731fac2caf9f93fee73d823051\" data-token-time=\"1778179073\"><noscript class=\"wpforms-error-noscript\">Please enable JavaScript in your browser to complete this form.<\/noscript><div class=\"wpforms-field-container\"><div id=\"wpforms-6-field_0-container\" class=\"wpforms-field wpforms-field-name\" data-field-id=\"0\"><label class=\"wpforms-field-label\" for=\"wpforms-6-field_0\">Name <span class=\"wpforms-required-label\">*<\/span><\/label><input type=\"text\" id=\"wpforms-6-field_0\" class=\"wpforms-field-large wpforms-field-required\" name=\"wpforms[fields][0]\" placeholder=\"Ihr Name\" required><\/div><div id=\"wpforms-6-field_1-container\" class=\"wpforms-field wpforms-field-email\" data-field-id=\"1\"><label class=\"wpforms-field-label\" for=\"wpforms-6-field_1\">Email<\/label><input type=\"email\" id=\"wpforms-6-field_1\" class=\"wpforms-field-large\" name=\"wpforms[fields][1]\" placeholder=\"Ihre Email Adresse\" spellcheck=\"false\" ><\/div><div id=\"wpforms-6-field_3-container\" class=\"wpforms-field wpforms-field-text\" data-field-id=\"3\"><label class=\"wpforms-field-label\" for=\"wpforms-6-field_3\">Telefonnummer<\/label><input type=\"text\" id=\"wpforms-6-field_3\" class=\"wpforms-field-large\" name=\"wpforms[fields][3]\" placeholder=\"Ihre Telefonnummer\" ><\/div><div id=\"wpforms-6-field_2-container\" class=\"wpforms-field wpforms-field-textarea\" data-field-id=\"2\"><label class=\"wpforms-field-label\" for=\"wpforms-6-field_2\">Nachricht<\/label><textarea id=\"wpforms-6-field_2\" class=\"wpforms-field-medium\" name=\"wpforms[fields][2]\" placeholder=\"Ihre Nachricht\" ><\/textarea><\/div><\/div><!-- .wpforms-field-container --><div class=\"wpforms-submit-container\" ><input type=\"hidden\" name=\"wpforms[id]\" value=\"6\"><input type=\"hidden\" name=\"page_title\" value=\"\"><input type=\"hidden\" name=\"page_url\" value=\"https:\/\/www.gaestehaus-willanzheim.de\/en\/wp-json\/wp\/v2\/pages\/1594\"><input type=\"hidden\" name=\"url_referer\" value=\"\"><button type=\"submit\" name=\"wpforms[submit]\" id=\"wpforms-submit-6\" class=\"wpforms-submit\" data-alt-text=\"Sende...\" data-submit-text=\"Senden\" aria-live=\"assertive\" value=\"wpforms-submit\">Senden<\/button><img decoding=\"async\" src=\"https:\/\/www.gaestehaus-willanzheim.de\/wordpress\/wp-content\/plugins\/wpforms-lite\/assets\/images\/submit-spin.svg\" class=\"wpforms-submit-spinner\" style=\"display: none;\" width=\"26\" height=\"26\" alt=\"Loading\"><\/div><\/form><\/div>  <!-- .wpforms-container -->\t\t\t\t<\/div>\n\t\t\t\t<\/div>\n\t\t\t\t<\/div>\n\t\t<div class=\"elementor-element elementor-element-eb69a1d e-con-full animated-fast e-flex elementor-invisible e-con e-child\" data-id=\"eb69a1d\" data-element_type=\"container\" data-e-type=\"container\" data-settings=\"{&quot;background_background&quot;:&quot;classic&quot;,&quot;animation&quot;:&quot;slideInRight&quot;}\">\n\t\t<div class=\"elementor-element elementor-element-78b9890 e-con-full animated-slow e-flex elementor-invisible e-con e-child\" data-id=\"78b9890\" data-element_type=\"container\" data-e-type=\"container\" data-settings=\"{&quot;background_background&quot;:&quot;classic&quot;,&quot;animation&quot;:&quot;slideInRight&quot;,&quot;animation_delay&quot;:100}\">\n\t\t\t\t<\/div>\n\t\t\t\t<\/div>\n\t\t\t\t\t<\/div>\n\t\t\t\t<\/div>\n\t\t<div class=\"elementor-element elementor-element-2d3ddf6 e-flex e-con-boxed e-con e-parent\" data-id=\"2d3ddf6\" data-element_type=\"container\" data-e-type=\"container\">\n\t\t\t\t\t<div class=\"e-con-inner\">\n\t\t\t\t<div class=\"elementor-element elementor-element-da73d12 elementor-widget elementor-widget-menu-anchor\" data-id=\"da73d12\" data-element_type=\"widget\" data-e-type=\"widget\" data-widget_type=\"menu-anchor.default\">\n\t\t\t\t\t\t\t<div class=\"elementor-menu-anchor\" id=\"so-finden-sie-uns\"><\/div>\n\t\t\t\t\t\t<\/div>\n\t\t\t\t<div class=\"elementor-element elementor-element-6fdb73e elementor-widget elementor-widget-heading\" data-id=\"6fdb73e\" data-element_type=\"widget\" data-e-type=\"widget\" data-widget_type=\"heading.default\">\n\t\t\t\t\t<h2 class=\"elementor-heading-title elementor-size-default\">So finden Sie uns<\/h2>\t\t\t\t<\/div>\n\t\t\t\t<div class=\"elementor-element elementor-element-766bc98 elementor-widget elementor-widget-html\" data-id=\"766bc98\" data-element_type=\"widget\" data-e-type=\"widget\" data-widget_type=\"html.default\">\n\t\t\t\t\t<iframe src=\"https:\/\/www.google.com\/maps\/embed?pb=!1m18!1m12!1m3!1d7825.798012429789!2d10.223743942595268!3d49.681593211362284!2m3!1f0!2f0!3f0!3m2!1i1024!2i768!4f13.1!3m3!1m2!1s0x47a27b878dd7c26b%3A0x474f614f79b84052!2sMarktpl.%207%2C%2097348%20Willanzheim!5e0!3m2!1sde!2sde!4v1773231674095!5m2!1sde!2sde\" width=\"600\" height=\"850\" style=\"border:0;\" allowfullscreen=\"\" loading=\"lazy\" referrerpolicy=\"no-referrer-when-downgrade\"><\/iframe>\t\t\t\t<\/div>\n\t\t\t\t\t<\/div>\n\t\t\t\t<\/div>\n\t\t<div class=\"elementor-element elementor-element-abd2458 e-flex e-con-boxed e-con e-parent\" data-id=\"abd2458\" data-element_type=\"container\" data-e-type=\"container\" data-settings=\"{&quot;background_background&quot;:&quot;gradient&quot;}\">\n\t\t\t\t\t<div class=\"e-con-inner\">\n\t\t<div class=\"elementor-element elementor-element-ea3047f e-con-full e-flex e-con e-child\" data-id=\"ea3047f\" data-element_type=\"container\" data-e-type=\"container\" data-settings=\"{&quot;background_background&quot;:&quot;classic&quot;}\">\n\t\t\t\t<div class=\"elementor-element elementor-element-e5c506d elementor-widget elementor-widget-heading\" data-id=\"e5c506d\" data-element_type=\"widget\" data-e-type=\"widget\" data-widget_type=\"heading.default\">\n\t\t\t\t\t<h2 class=\"elementor-heading-title elementor-size-default\">Ihre Anfrage &amp; Buchung<\/h2>\t\t\t\t<\/div>\n\t\t\t\t<div class=\"elementor-element elementor-element-16e5f05 elementor-widget elementor-widget-text-editor\" data-id=\"16e5f05\" data-element_type=\"widget\" data-e-type=\"widget\" data-widget_type=\"text-editor.default\">\n\t\t\t\t\t\t\t\t\t<p>Fragen Sie unverbindlich an und buchen Sie bequem auf unserer Webseite oder per Whatsapp.<\/p><p>Wir garantieren Ihnen den Bestpreis bei einer direkten Buchung.<\/p><p><strong>\u00bb Whatsapp f\u00fcr Ihre Anfrage<\/strong><br \/><a href=\"https:\/\/wa.me\/491737032823\">+49 (0)173 703 28 23<\/a><\/p><p><strong>\u00bb Onlinebuchung<\/strong><\/p>\t\t\t\t\t\t\t\t<\/div>\n\t\t\t\t<div class=\"elementor-element elementor-element-6b42585 elementor-widget elementor-widget-button\" data-id=\"6b42585\" data-element_type=\"widget\" data-e-type=\"widget\" data-widget_type=\"button.default\">\n\t\t\t\t\t\t\t\t\t\t<a class=\"elementor-button elementor-button-link elementor-size-sm\" href=\"https:\/\/www.gaestehaus-willanzheim.de\/buchung\/\">\n\t\t\t\t\t\t<span class=\"elementor-button-content-wrapper\">\n\t\t\t\t\t\t\t\t\t<span class=\"elementor-button-text\">Jetzt buchen<\/span>\n\t\t\t\t\t<\/span>\n\t\t\t\t\t<\/a>\n\t\t\t\t\t\t\t\t<\/div>\n\t\t\t\t<\/div>\n\t\t<div class=\"elementor-element elementor-element-dd402fa e-con-full e-flex e-con e-child\" data-id=\"dd402fa\" data-element_type=\"container\" data-e-type=\"container\" data-settings=\"{&quot;background_background&quot;:&quot;classic&quot;}\">\n\t\t\t\t<div class=\"elementor-element elementor-element-ec1ebea elementor-widget elementor-widget-heading\" data-id=\"ec1ebea\" data-element_type=\"widget\" data-e-type=\"widget\" data-widget_type=\"heading.default\">\n\t\t\t\t\t<h2 class=\"elementor-heading-title elementor-size-default\">Ihr Feedback<\/h2>\t\t\t\t<\/div>\n\t\t\t\t<div class=\"elementor-element elementor-element-ee46b43 elementor-widget elementor-widget-text-editor\" data-id=\"ee46b43\" data-element_type=\"widget\" data-e-type=\"widget\" data-widget_type=\"text-editor.default\">\n\t\t\t\t\t\t\t\t\t<p>\u00dcber Ihre pers\u00f6nlichen Eindr\u00fccke, wie es Ihnen bei uns gefallen hat, aber auch \u00fcber etwaige Vorschl\u00e4ge f\u00fcr Verbesserungen freuen wir uns.<\/p><p>Gerne im pers\u00f6nlichen Gespr\u00e4ch und in unserem G\u00e4stebuch an der Rezeption.<\/p><p>Wir freuen uns auf Ihre Buchung und Ihren Besuch in unserem Haus. Sch\u00f6n, wenn wir Sie bald als Gast bei uns begr\u00fc\u00dfen d\u00fcrfen.<\/p><p>Ihr Roland Braun<br \/>und das Team des G\u00e4stehauses Willanzheim<\/p>\t\t\t\t\t\t\t\t<\/div>\n\t\t\t\t<\/div>\n\t\t\t\t\t<\/div>\n\t\t\t\t<\/div>\n\t\t\t\t<\/div>\n\t\t","protected":false},"excerpt":{"rendered":"<p>Wir freuen uns auf Ihren Besuch G\u00e4stehaus WillanzheimMarktplatz 797348 Willanzheim kontakt@gaestehaus-willanzheim.de Telefon: 09323 \u2013 9689960Whatsapp: +49 (0)173 703 28 23 Kontakt Bitte aktiviere JavaScript in deinem Browser, um dieses Formular fertigzustellen.Name *EmailTelefonnummerNachricht Senden So finden Sie uns Ihre Anfrage &amp; &hellip;<\/p>\n<p class=\"read-more\"> <a class=\"more-link\" href=\"https:\/\/www.gaestehaus-willanzheim.de\/en\/kontakt\/\"> <span class=\"screen-reader-text\">Contact<\/span> Read More &raquo;<\/a><\/p>","protected":false},"author":1,"featured_media":0,"parent":0,"menu_order":0,"comment_status":"closed","ping_status":"closed","template":"elementor_header_footer","meta":{"footnotes":""},"class_list":["post-1594","page","type-page","status-publish","hentry"],"yoast_head":"<!-- This site is optimized with the Yoast SEO plugin v27.2 - https:\/\/yoast.com\/product\/yoast-seo-wordpress\/ -->\n<title>Kontakt - G\u00e4stehaus Willanzheim \u2013 Pension &amp; Bed &amp; Breakfast in Willanzheim (Franken)<\/title>\n<meta name=\"robots\" content=\"index, follow, max-snippet:-1, max-image-preview:large, max-video-preview:-1\" \/>\n<link rel=\"canonical\" href=\"https:\/\/www.gaestehaus-willanzheim.de\/en\/kontakt\/\" \/>\n<meta property=\"og:locale\" content=\"en_US\" \/>\n<meta property=\"og:type\" content=\"article\" \/>\n<meta property=\"og:title\" content=\"Kontakt - G\u00e4stehaus Willanzheim \u2013 Pension &amp; Bed &amp; Breakfast in Willanzheim (Franken)\" \/>\n<meta property=\"og:description\" content=\"Wir freuen uns auf Ihren Besuch G\u00e4stehaus WillanzheimMarktplatz 797348 Willanzheim kontakt@gaestehaus-willanzheim.de Telefon: 09323 \u2013 9689960Whatsapp: +49 (0)173 703 28 23 Kontakt Bitte aktiviere JavaScript in deinem Browser, um dieses Formular fertigzustellen.Name *EmailTelefonnummerNachricht Senden So finden Sie uns Ihre Anfrage &amp; &hellip; Kontakt Read More &raquo;\" \/>\n<meta property=\"og:url\" content=\"https:\/\/www.gaestehaus-willanzheim.de\/en\/kontakt\/\" \/>\n<meta property=\"og:site_name\" content=\"G\u00e4stehaus Willanzheim \u2013 Pension &amp; Bed &amp; Breakfast in Willanzheim (Franken)\" \/>\n<meta property=\"article:modified_time\" content=\"2026-04-21T11:05:50+00:00\" \/>\n<meta property=\"og:image\" content=\"https:\/\/www.gaestehaus-willanzheim.de\/wordpress\/wp-content\/plugins\/wpforms-lite\/assets\/images\/submit-spin.svg\" \/>\n<meta name=\"twitter:card\" content=\"summary_large_image\" \/>\n<meta name=\"twitter:label1\" content=\"Est. reading time\" \/>\n\t<meta name=\"twitter:data1\" content=\"1 minute\" \/>\n<script type=\"application\/ld+json\" class=\"yoast-schema-graph\">{\"@context\":\"https:\/\/schema.org\",\"@graph\":[{\"@type\":\"WebPage\",\"@id\":\"https:\/\/www.gaestehaus-willanzheim.de\/kontakt\/\",\"url\":\"https:\/\/www.gaestehaus-willanzheim.de\/kontakt\/\",\"name\":\"Kontakt - G\u00e4stehaus Willanzheim \u2013 Pension &amp; Bed &amp; Breakfast in Willanzheim (Franken)\",\"isPartOf\":{\"@id\":\"https:\/\/www.gaestehaus-willanzheim.de\/#website\"},\"primaryImageOfPage\":{\"@id\":\"https:\/\/www.gaestehaus-willanzheim.de\/kontakt\/#primaryimage\"},\"image\":{\"@id\":\"https:\/\/www.gaestehaus-willanzheim.de\/kontakt\/#primaryimage\"},\"thumbnailUrl\":\"https:\/\/www.gaestehaus-willanzheim.de\/wordpress\/wp-content\/plugins\/wpforms-lite\/assets\/images\/submit-spin.svg\",\"datePublished\":\"2026-03-11T17:07:08+00:00\",\"dateModified\":\"2026-04-21T11:05:50+00:00\",\"breadcrumb\":{\"@id\":\"https:\/\/www.gaestehaus-willanzheim.de\/kontakt\/#breadcrumb\"},\"inLanguage\":\"en-US\",\"potentialAction\":[{\"@type\":\"ReadAction\",\"target\":[\"https:\/\/www.gaestehaus-willanzheim.de\/kontakt\/\"]}]},{\"@type\":\"ImageObject\",\"inLanguage\":\"en-US\",\"@id\":\"https:\/\/www.gaestehaus-willanzheim.de\/kontakt\/#primaryimage\",\"url\":\"https:\/\/www.gaestehaus-willanzheim.de\/wordpress\/wp-content\/plugins\/wpforms-lite\/assets\/images\/submit-spin.svg\",\"contentUrl\":\"https:\/\/www.gaestehaus-willanzheim.de\/wordpress\/wp-content\/plugins\/wpforms-lite\/assets\/images\/submit-spin.svg\"},{\"@type\":\"BreadcrumbList\",\"@id\":\"https:\/\/www.gaestehaus-willanzheim.de\/kontakt\/#breadcrumb\",\"itemListElement\":[{\"@type\":\"ListItem\",\"position\":1,\"name\":\"Start\",\"item\":\"https:\/\/www.gaestehaus-willanzheim.de\/\"},{\"@type\":\"ListItem\",\"position\":2,\"name\":\"Kontakt\"}]},{\"@type\":\"WebSite\",\"@id\":\"https:\/\/www.gaestehaus-willanzheim.de\/#website\",\"url\":\"https:\/\/www.gaestehaus-willanzheim.de\/\",\"name\":\"G\u00e4stehaus Willanzheim \u2013 Pension & Bed & Breakfast in Willanzheim (Franken)\",\"description\":\"Gem\u00fctliche Pension &amp; Bed &amp; Breakfast im Herzen von Willanzheim\",\"publisher\":{\"@id\":\"https:\/\/www.gaestehaus-willanzheim.de\/#organization\"},\"alternateName\":\"G\u00e4stehaus Willanzheim \u2013 Pension Garni in Willanzheim (Franken)\",\"potentialAction\":[{\"@type\":\"SearchAction\",\"target\":{\"@type\":\"EntryPoint\",\"urlTemplate\":\"https:\/\/www.gaestehaus-willanzheim.de\/?s={search_term_string}\"},\"query-input\":{\"@type\":\"PropertyValueSpecification\",\"valueRequired\":true,\"valueName\":\"search_term_string\"}}],\"inLanguage\":\"en-US\"},{\"@type\":\"Organization\",\"@id\":\"https:\/\/www.gaestehaus-willanzheim.de\/#organization\",\"name\":\"G\u00e4stehaus Willanzheim \u2013 Pension & Bed & Breakfast in Willanzheim (Franken)\",\"alternateName\":\"G\u00e4stehaus Willanzheim \u2013 Pension Garni in Willanzheim (Franken)\",\"url\":\"https:\/\/www.gaestehaus-willanzheim.de\/\",\"logo\":{\"@type\":\"ImageObject\",\"inLanguage\":\"en-US\",\"@id\":\"https:\/\/www.gaestehaus-willanzheim.de\/#\/schema\/logo\/image\/\",\"url\":\"https:\/\/gaestehaus-willanzheim.de\/wordpress\/wp-content\/uploads\/2026\/03\/Signet_GH-Willanzheim.png\",\"contentUrl\":\"https:\/\/gaestehaus-willanzheim.de\/wordpress\/wp-content\/uploads\/2026\/03\/Signet_GH-Willanzheim.png\",\"width\":1856,\"height\":1865,\"caption\":\"G\u00e4stehaus Willanzheim \u2013 Pension & Bed & Breakfast in Willanzheim (Franken)\"},\"image\":{\"@id\":\"https:\/\/www.gaestehaus-willanzheim.de\/#\/schema\/logo\/image\/\"}}]}<\/script>\n<!-- \/ Yoast SEO plugin. -->","yoast_head_json":{"title":"Kontakt - G\u00e4stehaus Willanzheim \u2013 Pension &amp; Bed &amp; Breakfast in Willanzheim (Franken)","robots":{"index":"index","follow":"follow","max-snippet":"max-snippet:-1","max-image-preview":"max-image-preview:large","max-video-preview":"max-video-preview:-1"},"canonical":"https:\/\/www.gaestehaus-willanzheim.de\/en\/kontakt\/","og_locale":"en_US","og_type":"article","og_title":"Kontakt - G\u00e4stehaus Willanzheim \u2013 Pension &amp; Bed &amp; Breakfast in Willanzheim (Franken)","og_description":"Wir freuen uns auf Ihren Besuch G\u00e4stehaus WillanzheimMarktplatz 797348 Willanzheim kontakt@gaestehaus-willanzheim.de Telefon: 09323 \u2013 9689960Whatsapp: +49 (0)173 703 28 23 Kontakt Bitte aktiviere JavaScript in deinem Browser, um dieses Formular fertigzustellen.Name *EmailTelefonnummerNachricht Senden So finden Sie uns Ihre Anfrage &amp; &hellip; Kontakt Read More &raquo;","og_url":"https:\/\/www.gaestehaus-willanzheim.de\/en\/kontakt\/","og_site_name":"G\u00e4stehaus Willanzheim \u2013 Pension &amp; Bed &amp; Breakfast in Willanzheim (Franken)","article_modified_time":"2026-04-21T11:05:50+00:00","og_image":[{"url":"https:\/\/www.gaestehaus-willanzheim.de\/wordpress\/wp-content\/plugins\/wpforms-lite\/assets\/images\/submit-spin.svg","type":"","width":"","height":""}],"twitter_card":"summary_large_image","twitter_misc":{"Est. reading time":"1 minute"},"schema":{"@context":"https:\/\/schema.org","@graph":[{"@type":"WebPage","@id":"https:\/\/www.gaestehaus-willanzheim.de\/kontakt\/","url":"https:\/\/www.gaestehaus-willanzheim.de\/kontakt\/","name":"Kontakt - G\u00e4stehaus Willanzheim \u2013 Pension &amp; Bed &amp; Breakfast in Willanzheim (Franken)","isPartOf":{"@id":"https:\/\/www.gaestehaus-willanzheim.de\/#website"},"primaryImageOfPage":{"@id":"https:\/\/www.gaestehaus-willanzheim.de\/kontakt\/#primaryimage"},"image":{"@id":"https:\/\/www.gaestehaus-willanzheim.de\/kontakt\/#primaryimage"},"thumbnailUrl":"https:\/\/www.gaestehaus-willanzheim.de\/wordpress\/wp-content\/plugins\/wpforms-lite\/assets\/images\/submit-spin.svg","datePublished":"2026-03-11T17:07:08+00:00","dateModified":"2026-04-21T11:05:50+00:00","breadcrumb":{"@id":"https:\/\/www.gaestehaus-willanzheim.de\/kontakt\/#breadcrumb"},"inLanguage":"en-US","potentialAction":[{"@type":"ReadAction","target":["https:\/\/www.gaestehaus-willanzheim.de\/kontakt\/"]}]},{"@type":"ImageObject","inLanguage":"en-US","@id":"https:\/\/www.gaestehaus-willanzheim.de\/kontakt\/#primaryimage","url":"https:\/\/www.gaestehaus-willanzheim.de\/wordpress\/wp-content\/plugins\/wpforms-lite\/assets\/images\/submit-spin.svg","contentUrl":"https:\/\/www.gaestehaus-willanzheim.de\/wordpress\/wp-content\/plugins\/wpforms-lite\/assets\/images\/submit-spin.svg"},{"@type":"BreadcrumbList","@id":"https:\/\/www.gaestehaus-willanzheim.de\/kontakt\/#breadcrumb","itemListElement":[{"@type":"ListItem","position":1,"name":"Start","item":"https:\/\/www.gaestehaus-willanzheim.de\/"},{"@type":"ListItem","position":2,"name":"Kontakt"}]},{"@type":"WebSite","@id":"https:\/\/www.gaestehaus-willanzheim.de\/#website","url":"https:\/\/www.gaestehaus-willanzheim.de\/","name":"G\u00e4stehaus Willanzheim \u2013 Pension & Bed & Breakfast in Willanzheim (Franken)","description":"Gem\u00fctliche Pension &amp; Bed &amp; Breakfast im Herzen von Willanzheim","publisher":{"@id":"https:\/\/www.gaestehaus-willanzheim.de\/#organization"},"alternateName":"G\u00e4stehaus Willanzheim \u2013 Pension Garni in Willanzheim (Franken)","potentialAction":[{"@type":"SearchAction","target":{"@type":"EntryPoint","urlTemplate":"https:\/\/www.gaestehaus-willanzheim.de\/?s={search_term_string}"},"query-input":{"@type":"PropertyValueSpecification","valueRequired":true,"valueName":"search_term_string"}}],"inLanguage":"en-US"},{"@type":"Organization","@id":"https:\/\/www.gaestehaus-willanzheim.de\/#organization","name":"G\u00e4stehaus Willanzheim \u2013 Pension & Bed & Breakfast in Willanzheim (Franken)","alternateName":"G\u00e4stehaus Willanzheim \u2013 Pension Garni in Willanzheim (Franken)","url":"https:\/\/www.gaestehaus-willanzheim.de\/","logo":{"@type":"ImageObject","inLanguage":"en-US","@id":"https:\/\/www.gaestehaus-willanzheim.de\/#\/schema\/logo\/image\/","url":"https:\/\/gaestehaus-willanzheim.de\/wordpress\/wp-content\/uploads\/2026\/03\/Signet_GH-Willanzheim.png","contentUrl":"https:\/\/gaestehaus-willanzheim.de\/wordpress\/wp-content\/uploads\/2026\/03\/Signet_GH-Willanzheim.png","width":1856,"height":1865,"caption":"G\u00e4stehaus Willanzheim \u2013 Pension & Bed & Breakfast in Willanzheim (Franken)"},"image":{"@id":"https:\/\/www.gaestehaus-willanzheim.de\/#\/schema\/logo\/image\/"}}]}},"featured_image_src":"","featured_image_src_square":false,"rbea_author_info":{"display_name":"saladmedia","author_link":"https:\/\/www.gaestehaus-willanzheim.de\/en\/author\/saladmedia\/"},"rbea_excerpt_info":"Wir freuen uns auf Ihren Besuch G\u00e4stehaus WillanzheimMarktplatz 797348 Willanzheim kontakt@gaestehaus-willanzheim.de Telefon: 09323 \u2013 9689960Whatsapp: +49 (0)173 703 28 23 Kontakt Bitte aktiviere JavaScript in deinem Browser, um dieses Formular fertigzustellen.Name *EmailTelefonnummerNachricht Senden So finden Sie uns Ihre Anfrage &amp; &hellip;<p class=\"read-more\"> <a class=\"more-link\" href=\"https:\/\/www.gaestehaus-willanzheim.de\/en\/kontakt\/\"> <span class=\"screen-reader-text\">Kontakt<\/span> Read More &raquo;<\/a><\/p>","_links":{"self":[{"href":"https:\/\/www.gaestehaus-willanzheim.de\/en\/wp-json\/wp\/v2\/pages\/1594","targetHints":{"allow":["GET"]}}],"collection":[{"href":"https:\/\/www.gaestehaus-willanzheim.de\/en\/wp-json\/wp\/v2\/pages"}],"about":[{"href":"https:\/\/www.gaestehaus-willanzheim.de\/en\/wp-json\/wp\/v2\/types\/page"}],"author":[{"embeddable":true,"href":"https:\/\/www.gaestehaus-willanzheim.de\/en\/wp-json\/wp\/v2\/users\/1"}],"replies":[{"embeddable":true,"href":"https:\/\/www.gaestehaus-willanzheim.de\/en\/wp-json\/wp\/v2\/comments?post=1594"}],"version-history":[{"count":18,"href":"https:\/\/www.gaestehaus-willanzheim.de\/en\/wp-json\/wp\/v2\/pages\/1594\/revisions"}],"predecessor-version":[{"id":2063,"href":"https:\/\/www.gaestehaus-willanzheim.de\/en\/wp-json\/wp\/v2\/pages\/1594\/revisions\/2063"}],"wp:attachment":[{"href":"https:\/\/www.gaestehaus-willanzheim.de\/en\/wp-json\/wp\/v2\/media?parent=1594"}],"curies":[{"name":"wp","href":"https:\/\/api.w.org\/{rel}","templated":true}]}}