{"id":1534,"date":"2026-03-11T14:14:06","date_gmt":"2026-03-11T13:14:06","guid":{"rendered":"https:\/\/gaestehaus-willanzheim.de\/wordpress\/?page_id=1534"},"modified":"2026-03-11T14:22:49","modified_gmt":"2026-03-11T13:22:49","slug":"datenschutz","status":"publish","type":"page","link":"https:\/\/www.gaestehaus-willanzheim.de\/en\/datenschutz\/","title":{"rendered":"Privacy policy"},"content":{"rendered":"<div data-elementor-type=\"wp-page\" data-elementor-id=\"1534\" class=\"elementor elementor-1534\">\n\t\t\t\t<div class=\"elementor-element elementor-element-99ad950 e-flex e-con-boxed e-con e-parent\" data-id=\"99ad950\" data-element_type=\"container\" data-e-type=\"container\">\n\t\t\t\t\t<div class=\"e-con-inner\">\n\t\t\t\t<div class=\"elementor-element elementor-element-f6138a1 elementor-widget elementor-widget-text-editor\" data-id=\"f6138a1\" data-element_type=\"widget\" data-e-type=\"widget\" data-widget_type=\"text-editor.default\">\n\t\t\t\t\t\t\t\t\t<h2><b>Datenschutzerkl\u00e4rung<\/b><\/h2>\n<h2><b>1. Datenschutz auf einen Blick<\/b><\/h2>\n<h3><b>Allgemeine Hinweise<\/b><\/h3>\n<p class=\"p3\">Die folgenden Hinweise geben einen einfachen \u00dcberblick dar\u00fcber, was mit Ihren personenbezogenen Daten passiert, wenn Sie diese Website besuchen. Personenbezogene Daten sind alle Daten, mit denen Sie pers\u00f6nlich identifiziert werden k\u00f6nnen.<\/p>\n<p class=\"p3\">Ausf\u00fchrliche Informationen zum Thema Datenschutz entnehmen Sie der nachfolgenden Datenschutzerkl\u00e4rung.<\/p>\n\n\n<h3><b>Datenerfassung auf dieser Website<\/b><\/h3>\n<h4><b>Wer ist verantwortlich f\u00fcr die Datenerfassung auf dieser Website?<\/b><\/h4>\n<p class=\"p3\">Die Datenverarbeitung auf dieser Website erfolgt durch den Websitebetreiber. Dessen Kontaktdaten finden Sie im Abschnitt <span class=\"s2\"><b>\u201eHinweis zur verantwortlichen Stelle\u201c<\/b><\/span> in dieser Datenschutzerkl\u00e4rung.<\/p>\n\n\n<h4><b>Wie erfassen wir Ihre Daten?<\/b><\/h4>\n<p class=\"p3\">Ihre Daten werden zum einen dadurch erhoben, dass Sie uns diese mitteilen. Hierbei kann es sich beispielsweise um Daten handeln, die Sie uns per <span class=\"s2\"><b>E-Mail oder Telefon<\/b><\/span> \u00fcbermitteln.<\/p>\n<p class=\"p3\">Andere Daten werden automatisch beim Besuch der Website durch unsere IT-Systeme erfasst. Das sind vor allem <span class=\"s2\"><b>technische Daten<\/b><\/span> (z. B. Internetbrowser, Betriebssystem oder Uhrzeit des Seitenaufrufs).<\/p>\n\n\n<h4><b>Wof\u00fcr nutzen wir Ihre Daten?<\/b><\/h4>\n<p class=\"p3\">Ein Teil der Daten wird erhoben, um eine <span class=\"s2\"><b>fehlerfreie Bereitstellung der Website<\/b><\/span> zu gew\u00e4hrleisten.<\/p>\n<p class=\"p4\"><span class=\"s3\">Andere Daten k\u00f6nnen zur <\/span><b>Bearbeitung Ihrer Anfragen oder zur Kommunikation mit Ihnen<\/b><span class=\"s3\"> verwendet werden.<\/span><\/p>\n\n\n<h4><b>Welche Rechte haben Sie bez\u00fcglich Ihrer Daten?<\/b><\/h4>\n<p class=\"p3\">Sie haben jederzeit das Recht auf:<\/p>\n\n<ul>\n \t<li>\n<p class=\"p1\">unentgeltliche Auskunft \u00fcber Ihre gespeicherten personenbezogenen Daten<\/p>\n<\/li>\n \t<li>\n<p class=\"p1\">Herkunft und Empf\u00e4nger der Daten<\/p>\n<\/li>\n \t<li>\n<p class=\"p1\">Zweck der Datenverarbeitung<\/p>\n<\/li>\n<\/ul>\n<p class=\"p3\">Au\u00dferdem haben Sie das Recht auf:<\/p>\n\n<ul>\n \t<li>\n<p class=\"p1\"><b>Berichtigung<\/b><b><\/b><\/p>\n<\/li>\n \t<li>\n<p class=\"p1\"><b>L\u00f6schung<\/b><b><\/b><\/p>\n<\/li>\n \t<li>\n<p class=\"p1\"><b>Einschr\u00e4nkung der Verarbeitung<\/b><\/p>\n<\/li>\n<\/ul>\n<p class=\"p4\"><span class=\"s3\">Zudem steht Ihnen ein <\/span><b>Beschwerderecht bei der zust\u00e4ndigen Datenschutzaufsichtsbeh\u00f6rde<\/b><span class=\"s3\"> zu.<\/span><\/p>\n\n\n<h2><b>2. Hosting<\/b><\/h2>\n<h2><b>Externes Hosting<\/b><\/h2>\n<p class=\"p3\">Diese Website wird extern gehostet. Die personenbezogenen Daten, die auf dieser Website erfasst werden, werden auf den Servern des Hosters gespeichert. Hierbei kann es sich insbesondere um folgende Daten handeln:<\/p>\n\n<ul>\n \t<li>\n<p class=\"p1\">IP-Adressen<\/p>\n<\/li>\n \t<li>\n<p class=\"p1\">Kontaktanfragen<\/p>\n<\/li>\n \t<li>\n<p class=\"p1\">Meta- und Kommunikationsdaten<\/p>\n<\/li>\n \t<li>\n<p class=\"p1\">Websitezugriffe<\/p>\n<\/li>\n<\/ul>\n<p class=\"p4\"><span class=\"s3\">Das Hosting erfolgt zum Zwecke der <\/span><b>sicheren, schnellen und effizienten Bereitstellung unseres Online-Angebots<\/b><span class=\"s3\"> (Art. 6 Abs. 1 lit. f DSGVO).<\/span><\/p>\n\n\n<h3><b>Eingesetzter Hoster<\/b><\/h3>\n<p class=\"p3\">ALL-INKL.COM \u2013 Neue Medien M\u00fcnnich<\/p>\n<p class=\"p3\">Hauptstra\u00dfe 68<\/p>\n<p class=\"p3\">02742 Friedersdorf<\/p>\n<p class=\"p3\">Deutschland<\/p>\n<p class=\"p3\">Website: https:\/\/all-inkl.com<\/p>\n\n\n<h3><b>Auftragsverarbeitung<\/b><\/h3>\n<p class=\"p3\">Wir haben mit dem Hostinganbieter einen Vertrag \u00fcber <span class=\"s2\"><b>Auftragsverarbeitung (AVV)<\/b><\/span> gem\u00e4\u00df Art. 28 DSGVO abgeschlossen.<\/p>\n\n\n<h2><b>3. Allgemeine Hinweise und Pflichtinformationen<\/b><\/h2>\n<h2><b>Privacy policy<\/b><\/h2>\n<p class=\"p3\">Wir behandeln Ihre personenbezogenen Daten vertraulich und entsprechend den gesetzlichen Datenschutzvorschriften sowie dieser Datenschutzerkl\u00e4rung.<\/p>\n<p class=\"p3\">Wir weisen darauf hin, dass die Daten\u00fcbertragung im Internet (z. B. bei der Kommunikation per E-Mail) <span class=\"s2\"><b>Sicherheitsl\u00fccken aufweisen kann<\/b><\/span>. Ein l\u00fcckenloser Schutz der Daten vor dem Zugriff durch Dritte ist nicht m\u00f6glich.<\/p>\n\n\n<h2><b>Hinweis zur verantwortlichen Stelle<\/b><\/h2>\n<p class=\"p3\">Die verantwortliche Stelle f\u00fcr die Datenverarbeitung auf dieser Website ist:<\/p>\n<p class=\"p4\"><b>G\u00e4stehaus Willanzheim<\/b><b><\/b><\/p>\n<p class=\"p3\">Marktplatz 7<\/p>\n<p class=\"p3\">97348 Willanzheim<\/p>\n<p class=\"p3\">Telefon: 09323 \u2013 9689960<\/p>\n<p class=\"p3\">E-Mail: kontakt@gaestehaus-willanzheim.de<\/p>\n<p class=\"p3\">Verantwortliche Stelle ist die nat\u00fcrliche oder juristische Person, die \u00fcber die Zwecke und Mittel der Verarbeitung von personenbezogenen Daten entscheidet.<\/p>\n\n\n<h2><b>Speicherdauer<\/b><\/h2>\n<p class=\"p3\">Ihre personenbezogenen Daten verbleiben bei uns, bis der Zweck f\u00fcr die Datenverarbeitung entf\u00e4llt oder Sie ein berechtigtes L\u00f6schersuchen geltend machen.<\/p>\n<p class=\"p3\">Gesetzliche Aufbewahrungsfristen bleiben unber\u00fchrt.<\/p>\n\n\n<h2><b>Rechtsgrundlagen der Datenverarbeitung<\/b><\/h2>\n<p class=\"p3\">Die Verarbeitung Ihrer Daten erfolgt auf Grundlage von:<\/p>\n\n<ul>\n \t<li>\n<p class=\"p1\"><b>Art. 6 Abs. 1 lit. b DSGVO<\/b><b><\/b><\/p>\n<p class=\"p2\">(Verarbeitung zur Erf\u00fcllung eines Vertrags oder vorvertraglicher Ma\u00dfnahmen)<\/p>\n<\/li>\n \t<li>\n<p class=\"p1\"><b>Art. 6 Abs. 1 lit. f DSGVO<\/b><b><\/b><\/p>\n<p class=\"p2\">(berechtigtes Interesse an einer sicheren und funktionierenden Website)<\/p>\n<\/li>\n \t<li>\n<p class=\"p1\"><b>Art. 6 Abs. 1 lit. a DSGVO<\/b><b><\/b><\/p>\n<p class=\"p2\">(Einwilligung, sofern abgefragt)<\/p>\n<\/li>\n<\/ul>\n\n<h2><b>Widerruf Ihrer Einwilligung<\/b><\/h2>\n<p class=\"p3\">Viele Datenverarbeitungsvorg\u00e4nge sind nur mit Ihrer ausdr\u00fccklichen Einwilligung m\u00f6glich.<\/p>\n<p class=\"p4\"><span class=\"s3\">Sie k\u00f6nnen eine bereits erteilte Einwilligung <\/span><b>jederzeit mit Wirkung f\u00fcr die Zukunft widerrufen<\/b><span class=\"s3\">.<\/span><\/p>\n\n\n<h2><b>Widerspruchsrecht (Art. 21 DSGVO)<\/b><\/h2>\n<p class=\"p3\">Sie haben das Recht, jederzeit gegen die Verarbeitung Ihrer personenbezogenen Daten Widerspruch einzulegen, sofern diese auf Art. 6 Abs. 1 lit. e oder f DSGVO beruht.<\/p>\n\n\n<h2><b>Beschwerderecht<\/b><\/h2>\n<p class=\"p3\">Im Falle datenschutzrechtlicher Verst\u00f6\u00dfe steht Ihnen ein <span class=\"s2\"><b>Beschwerderecht bei der zust\u00e4ndigen Aufsichtsbeh\u00f6rde<\/b><\/span> zu.<\/p>\n<p class=\"p3\">Zust\u00e4ndige Aufsichtsbeh\u00f6rde in Bayern ist beispielsweise:<\/p>\n<p class=\"p3\">Bayerisches Landesamt f\u00fcr Datenschutzaufsicht (BayLDA)<\/p>\n\n\n<h2><b>SSL- bzw. TLS-Verschl\u00fcsselung<\/b><\/h2>\n<p class=\"p3\">Diese Website nutzt aus Sicherheitsgr\u00fcnden eine <span class=\"s2\"><b>SSL- bzw. TLS-Verschl\u00fcsselung<\/b><\/span>.<\/p>\n<p class=\"p3\">Eine verschl\u00fcsselte Verbindung erkennen Sie daran, dass die Adresszeile des Browsers von<\/p>\n<p class=\"p3\"><span class=\"s4\">http:\/\/<\/span> auf <span class=\"s4\">https:\/\/<\/span> wechselt.<\/p>\n\n\n<h2><b>4. Datenerfassung auf dieser Website<\/b><\/h2>\n<h2><b>Cookies<\/b><\/h2>\n<p class=\"p4\"><span class=\"s3\">Diese Website verwendet <\/span><b>keine Werbe-, Tracking- oder Analyse-Cookies<\/b><span class=\"s3\">.<\/span><\/p>\n<p class=\"p3\">WordPress setzt ausschlie\u00dflich <span class=\"s2\"><b>technisch notwendige Cookies<\/b><\/span>, die f\u00fcr den Betrieb der Website erforderlich sind, z. B.:<\/p>\n\n<ul>\n \t<li>\n<p class=\"p1\">Cookies zur Verwaltung von Formular\u00fcbermittlungen<\/p>\n<\/li>\n \t<li>\n<p class=\"p1\">Cookies zur Darstellung der Website<\/p>\n<\/li>\n \t<li>\n<p class=\"p1\">ggf. Cookies bei Login-Funktionen (nur f\u00fcr Administratoren)<\/p>\n<\/li>\n<\/ul>\n<p class=\"p3\">Diese Cookies sind erforderlich, um die Website technisch bereitzustellen<\/p>\n<p class=\"p3\">(Art. 6 Abs. 1 lit. f DSGVO, \u00a7 25 Abs. 2 Nr. 2 TTDSG).<\/p>\n\n\n<h2><b>Server-Log-Dateien<\/b><\/h2>\n<p class=\"p3\">Der Hostinganbieter erhebt und speichert automatisch Informationen in sogenannten <span class=\"s2\"><b>Server-Log-Dateien<\/b><\/span>, die Ihr Browser automatisch \u00fcbermittelt.<\/p>\n<p class=\"p3\">Dies sind:<\/p>\n\n<ul>\n \t<li>\n<p class=\"p1\">Browsertyp und Browserversion<\/p>\n<\/li>\n \t<li>\n<p class=\"p1\">verwendetes Betriebssystem<\/p>\n<\/li>\n \t<li>\n<p class=\"p1\">Referrer-URL<\/p>\n<\/li>\n \t<li>\n<p class=\"p1\">Hostname des zugreifenden Rechners<\/p>\n<\/li>\n \t<li>\n<p class=\"p1\">Uhrzeit der Serveranfrage<\/p>\n<\/li>\n \t<li>\n<p class=\"p1\">IP-Adresse<\/p>\n<\/li>\n<\/ul>\n<p class=\"p3\">Eine Zusammenf\u00fchrung dieser Daten mit anderen Datenquellen wird nicht vorgenommen.<\/p>\n<p class=\"p3\">Die Verarbeitung erfolgt auf Grundlage von <span class=\"s2\"><b>Art. 6 Abs. 1 lit. f DSGVO<\/b><\/span>.<\/p>\n\n\n<h2><b>Kontaktaufnahme per E-Mail oder Telefon<\/b><\/h2>\n<p class=\"p3\">Wenn Sie uns per <span class=\"s2\"><b>E-Mail oder Telefon<\/b><\/span> kontaktieren, werden Ihre Angaben inklusive der von Ihnen angegebenen Kontaktdaten zum Zwecke der Bearbeitung Ihrer Anfrage gespeichert.<\/p>\n<p class=\"p3\">Die Verarbeitung erfolgt auf Grundlage von:<\/p>\n\n<ul>\n \t<li>\n<p class=\"p1\"><span class=\"s1\"><b>Art. 6 Abs. 1 lit. b DSGVO<\/b><\/span> (vorvertragliche Ma\u00dfnahmen)<\/p>\n<\/li>\n \t<li>\n<p class=\"p1\">oder <span class=\"s1\"><b>Art. 6 Abs. 1 lit. f DSGVO<\/b><\/span> (berechtigtes Interesse an der Bearbeitung Ihrer Anfrage)<\/p>\n<\/li>\n<\/ul>\n<p class=\"p4\"><span class=\"s3\">Die Daten werden <\/span><b>nicht ohne Ihre Einwilligung weitergegeben<\/b><span class=\"s3\">.<\/span><\/p>\n\n\n<h2><b>5. WordPress-spezifische Hinweise<\/b><\/h2>\n<h2><b>Kommentare<\/b><\/h2>\n<p class=\"p3\">Sofern auf dieser Website Kommentare aktiviert sind (derzeit nicht vorgesehen), speichert WordPress die eingegebenen Daten sowie die <span class=\"s2\"><b>IP-Adresse und den User-Agent<\/b><\/span> des Besuchers.<\/p>\n\n\n<h2><b>Medien<\/b><\/h2>\n<p class=\"p3\">Wenn Sie Bilder auf diese Website hochladen (z. B. im Rahmen von Kommentaren), sollten Sie vermeiden, Bilder mit <span class=\"s2\"><b>EXIF-GPS-Standortdaten<\/b><\/span> hochzuladen.<\/p>\n<p class=\"p3\">Besucher der Website k\u00f6nnten diese Standortinformationen aus Bildern extrahieren.<\/p>\n\n\n<h2><b>6. Plugins und Tools<\/b><\/h2>\n<h2><b>Google Fonts (lokales Hosting)<\/b><\/h2>\n<p class=\"p3\">Diese Website nutzt <span class=\"s2\"><b>Google Fonts<\/b><\/span>, die lokal eingebunden sind.<\/p>\n<p class=\"p4\"><span class=\"s3\">Es findet <\/span><b>keine Verbindung zu Servern von Google<\/b><span class=\"s3\"> statt.<\/span><\/p>\n\n\n<h2><b>Font Awesome (lokales Hosting)<\/b><\/h2>\n<p class=\"p3\">Font Awesome ist lokal installiert.<\/p>\n<p class=\"p4\"><span class=\"s3\">Es findet <\/span><b>keine Daten\u00fcbertragung an Dritte<\/b><span class=\"s3\"> statt.<\/span><\/p>\n\n\n<h2><b>7. Widerspruch gegen Werbe-E-Mails<\/b><\/h2>\n<p class=\"p3\">Der Nutzung von im Impressum ver\u00f6ffentlichten Kontaktdaten zur \u00dcbersendung von <span class=\"s2\"><b>nicht ausdr\u00fccklich angeforderter Werbung<\/b><\/span> wird hiermit widersprochen.<\/p>\n<p class=\"p3\">Die Betreiber der Seiten behalten sich ausdr\u00fccklich rechtliche Schritte im Falle der unverlangten Zusendung von Werbeinformationen vor.<\/p>\t\t\t\t\t\t\t\t<\/div>\n\t\t\t\t\t<\/div>\n\t\t\t\t<\/div>\n\t\t\t\t<\/div>","protected":false},"excerpt":{"rendered":"<p>Datenschutzerkl\u00e4rung 1. Datenschutz auf einen Blick Allgemeine Hinweise Die folgenden Hinweise geben einen einfachen \u00dcberblick dar\u00fcber, was mit Ihren personenbezogenen Daten passiert, wenn Sie diese Website besuchen. Personenbezogene Daten sind alle Daten, mit denen Sie pers\u00f6nlich identifiziert werden k\u00f6nnen. Ausf\u00fchrliche &hellip;<\/p>\n<p class=\"read-more\"> <a class=\"more-link\" href=\"https:\/\/www.gaestehaus-willanzheim.de\/en\/datenschutz\/\"> <span class=\"screen-reader-text\">Privacy policy<\/span> Read More &raquo;<\/a><\/p>","protected":false},"author":1,"featured_media":0,"parent":0,"menu_order":0,"comment_status":"closed","ping_status":"closed","template":"elementor_header_footer","meta":{"footnotes":""},"class_list":["post-1534","page","type-page","status-publish","hentry"],"yoast_head":"<!-- This site is optimized with the Yoast SEO plugin v27.2 - https:\/\/yoast.com\/product\/yoast-seo-wordpress\/ -->\n<title>Datenschutz - G\u00e4stehaus Willanzheim \u2013 Pension &amp; Bed &amp; Breakfast in Willanzheim (Franken)<\/title>\n<meta name=\"robots\" content=\"index, follow, max-snippet:-1, max-image-preview:large, max-video-preview:-1\" \/>\n<link rel=\"canonical\" href=\"https:\/\/www.gaestehaus-willanzheim.de\/en\/datenschutz\/\" \/>\n<meta property=\"og:locale\" content=\"en_US\" \/>\n<meta property=\"og:type\" content=\"article\" \/>\n<meta property=\"og:title\" content=\"Datenschutz - G\u00e4stehaus Willanzheim \u2013 Pension &amp; Bed &amp; Breakfast in Willanzheim (Franken)\" \/>\n<meta property=\"og:description\" content=\"Datenschutzerkl\u00e4rung 1. Datenschutz auf einen Blick Allgemeine Hinweise Die folgenden Hinweise geben einen einfachen \u00dcberblick dar\u00fcber, was mit Ihren personenbezogenen Daten passiert, wenn Sie diese Website besuchen. Personenbezogene Daten sind alle Daten, mit denen Sie pers\u00f6nlich identifiziert werden k\u00f6nnen. Ausf\u00fchrliche &hellip; Datenschutz Read More &raquo;\" \/>\n<meta property=\"og:url\" content=\"https:\/\/www.gaestehaus-willanzheim.de\/en\/datenschutz\/\" \/>\n<meta property=\"og:site_name\" content=\"G\u00e4stehaus Willanzheim \u2013 Pension &amp; Bed &amp; Breakfast in Willanzheim (Franken)\" \/>\n<meta property=\"article:modified_time\" content=\"2026-03-11T13:22:49+00:00\" \/>\n<meta property=\"og:image\" content=\"https:\/\/www.gaestehaus-willanzheim.de\/wordpress\/wp-content\/uploads\/2026\/03\/019_Willanzheim_Titel_bearb.jpg\" \/>\n\t<meta property=\"og:image:width\" content=\"2000\" \/>\n\t<meta property=\"og:image:height\" content=\"1333\" \/>\n\t<meta property=\"og:image:type\" content=\"image\/jpeg\" \/>\n<meta name=\"twitter:card\" content=\"summary_large_image\" \/>\n<meta name=\"twitter:label1\" content=\"Est. reading time\" \/>\n\t<meta name=\"twitter:data1\" content=\"5 minutes\" \/>\n<script type=\"application\/ld+json\" class=\"yoast-schema-graph\">{\"@context\":\"https:\/\/schema.org\",\"@graph\":[{\"@type\":\"WebPage\",\"@id\":\"https:\/\/www.gaestehaus-willanzheim.de\/datenschutz\/\",\"url\":\"https:\/\/www.gaestehaus-willanzheim.de\/datenschutz\/\",\"name\":\"Datenschutz - G\u00e4stehaus Willanzheim \u2013 Pension &amp; Bed &amp; Breakfast in Willanzheim (Franken)\",\"isPartOf\":{\"@id\":\"https:\/\/www.gaestehaus-willanzheim.de\/#website\"},\"datePublished\":\"2026-03-11T13:14:06+00:00\",\"dateModified\":\"2026-03-11T13:22:49+00:00\",\"breadcrumb\":{\"@id\":\"https:\/\/www.gaestehaus-willanzheim.de\/datenschutz\/#breadcrumb\"},\"inLanguage\":\"en-US\",\"potentialAction\":[{\"@type\":\"ReadAction\",\"target\":[\"https:\/\/www.gaestehaus-willanzheim.de\/datenschutz\/\"]}]},{\"@type\":\"BreadcrumbList\",\"@id\":\"https:\/\/www.gaestehaus-willanzheim.de\/datenschutz\/#breadcrumb\",\"itemListElement\":[{\"@type\":\"ListItem\",\"position\":1,\"name\":\"Start\",\"item\":\"https:\/\/www.gaestehaus-willanzheim.de\/\"},{\"@type\":\"ListItem\",\"position\":2,\"name\":\"Datenschutz\"}]},{\"@type\":\"WebSite\",\"@id\":\"https:\/\/www.gaestehaus-willanzheim.de\/#website\",\"url\":\"https:\/\/www.gaestehaus-willanzheim.de\/\",\"name\":\"G\u00e4stehaus Willanzheim \u2013 Pension & Bed & Breakfast in Willanzheim (Franken)\",\"description\":\"Gem\u00fctliche Pension &amp; Bed &amp; Breakfast im Herzen von Willanzheim\",\"publisher\":{\"@id\":\"https:\/\/www.gaestehaus-willanzheim.de\/#organization\"},\"alternateName\":\"G\u00e4stehaus Willanzheim \u2013 Pension Garni in Willanzheim (Franken)\",\"potentialAction\":[{\"@type\":\"SearchAction\",\"target\":{\"@type\":\"EntryPoint\",\"urlTemplate\":\"https:\/\/www.gaestehaus-willanzheim.de\/?s={search_term_string}\"},\"query-input\":{\"@type\":\"PropertyValueSpecification\",\"valueRequired\":true,\"valueName\":\"search_term_string\"}}],\"inLanguage\":\"en-US\"},{\"@type\":\"Organization\",\"@id\":\"https:\/\/www.gaestehaus-willanzheim.de\/#organization\",\"name\":\"G\u00e4stehaus Willanzheim \u2013 Pension & Bed & Breakfast in Willanzheim (Franken)\",\"alternateName\":\"G\u00e4stehaus Willanzheim \u2013 Pension Garni in Willanzheim (Franken)\",\"url\":\"https:\/\/www.gaestehaus-willanzheim.de\/\",\"logo\":{\"@type\":\"ImageObject\",\"inLanguage\":\"en-US\",\"@id\":\"https:\/\/www.gaestehaus-willanzheim.de\/#\/schema\/logo\/image\/\",\"url\":\"https:\/\/gaestehaus-willanzheim.de\/wordpress\/wp-content\/uploads\/2026\/03\/Signet_GH-Willanzheim.png\",\"contentUrl\":\"https:\/\/gaestehaus-willanzheim.de\/wordpress\/wp-content\/uploads\/2026\/03\/Signet_GH-Willanzheim.png\",\"width\":1856,\"height\":1865,\"caption\":\"G\u00e4stehaus Willanzheim \u2013 Pension & Bed & Breakfast in Willanzheim (Franken)\"},\"image\":{\"@id\":\"https:\/\/www.gaestehaus-willanzheim.de\/#\/schema\/logo\/image\/\"}}]}<\/script>\n<!-- \/ Yoast SEO plugin. -->","yoast_head_json":{"title":"Datenschutz - G\u00e4stehaus Willanzheim \u2013 Pension &amp; Bed &amp; Breakfast in Willanzheim (Franken)","robots":{"index":"index","follow":"follow","max-snippet":"max-snippet:-1","max-image-preview":"max-image-preview:large","max-video-preview":"max-video-preview:-1"},"canonical":"https:\/\/www.gaestehaus-willanzheim.de\/en\/datenschutz\/","og_locale":"en_US","og_type":"article","og_title":"Datenschutz - G\u00e4stehaus Willanzheim \u2013 Pension &amp; Bed &amp; Breakfast in Willanzheim (Franken)","og_description":"Datenschutzerkl\u00e4rung 1. Datenschutz auf einen Blick Allgemeine Hinweise Die folgenden Hinweise geben einen einfachen \u00dcberblick dar\u00fcber, was mit Ihren personenbezogenen Daten passiert, wenn Sie diese Website besuchen. Personenbezogene Daten sind alle Daten, mit denen Sie pers\u00f6nlich identifiziert werden k\u00f6nnen. Ausf\u00fchrliche &hellip; Datenschutz Read More &raquo;","og_url":"https:\/\/www.gaestehaus-willanzheim.de\/en\/datenschutz\/","og_site_name":"G\u00e4stehaus Willanzheim \u2013 Pension &amp; Bed &amp; Breakfast in Willanzheim (Franken)","article_modified_time":"2026-03-11T13:22:49+00:00","og_image":[{"width":2000,"height":1333,"url":"https:\/\/www.gaestehaus-willanzheim.de\/wordpress\/wp-content\/uploads\/2026\/03\/019_Willanzheim_Titel_bearb.jpg","type":"image\/jpeg"}],"twitter_card":"summary_large_image","twitter_misc":{"Est. reading time":"5 minutes"},"schema":{"@context":"https:\/\/schema.org","@graph":[{"@type":"WebPage","@id":"https:\/\/www.gaestehaus-willanzheim.de\/datenschutz\/","url":"https:\/\/www.gaestehaus-willanzheim.de\/datenschutz\/","name":"Datenschutz - G\u00e4stehaus Willanzheim \u2013 Pension &amp; Bed &amp; Breakfast in Willanzheim (Franken)","isPartOf":{"@id":"https:\/\/www.gaestehaus-willanzheim.de\/#website"},"datePublished":"2026-03-11T13:14:06+00:00","dateModified":"2026-03-11T13:22:49+00:00","breadcrumb":{"@id":"https:\/\/www.gaestehaus-willanzheim.de\/datenschutz\/#breadcrumb"},"inLanguage":"en-US","potentialAction":[{"@type":"ReadAction","target":["https:\/\/www.gaestehaus-willanzheim.de\/datenschutz\/"]}]},{"@type":"BreadcrumbList","@id":"https:\/\/www.gaestehaus-willanzheim.de\/datenschutz\/#breadcrumb","itemListElement":[{"@type":"ListItem","position":1,"name":"Start","item":"https:\/\/www.gaestehaus-willanzheim.de\/"},{"@type":"ListItem","position":2,"name":"Datenschutz"}]},{"@type":"WebSite","@id":"https:\/\/www.gaestehaus-willanzheim.de\/#website","url":"https:\/\/www.gaestehaus-willanzheim.de\/","name":"G\u00e4stehaus Willanzheim \u2013 Pension & Bed & Breakfast in Willanzheim (Franken)","description":"Gem\u00fctliche Pension &amp; Bed &amp; Breakfast im Herzen von Willanzheim","publisher":{"@id":"https:\/\/www.gaestehaus-willanzheim.de\/#organization"},"alternateName":"G\u00e4stehaus Willanzheim \u2013 Pension Garni in Willanzheim (Franken)","potentialAction":[{"@type":"SearchAction","target":{"@type":"EntryPoint","urlTemplate":"https:\/\/www.gaestehaus-willanzheim.de\/?s={search_term_string}"},"query-input":{"@type":"PropertyValueSpecification","valueRequired":true,"valueName":"search_term_string"}}],"inLanguage":"en-US"},{"@type":"Organization","@id":"https:\/\/www.gaestehaus-willanzheim.de\/#organization","name":"G\u00e4stehaus Willanzheim \u2013 Pension & Bed & Breakfast in Willanzheim (Franken)","alternateName":"G\u00e4stehaus Willanzheim \u2013 Pension Garni in Willanzheim (Franken)","url":"https:\/\/www.gaestehaus-willanzheim.de\/","logo":{"@type":"ImageObject","inLanguage":"en-US","@id":"https:\/\/www.gaestehaus-willanzheim.de\/#\/schema\/logo\/image\/","url":"https:\/\/gaestehaus-willanzheim.de\/wordpress\/wp-content\/uploads\/2026\/03\/Signet_GH-Willanzheim.png","contentUrl":"https:\/\/gaestehaus-willanzheim.de\/wordpress\/wp-content\/uploads\/2026\/03\/Signet_GH-Willanzheim.png","width":1856,"height":1865,"caption":"G\u00e4stehaus Willanzheim \u2013 Pension & Bed & Breakfast in Willanzheim (Franken)"},"image":{"@id":"https:\/\/www.gaestehaus-willanzheim.de\/#\/schema\/logo\/image\/"}}]}},"featured_image_src":"","featured_image_src_square":false,"rbea_author_info":{"display_name":"saladmedia","author_link":"https:\/\/www.gaestehaus-willanzheim.de\/en\/author\/saladmedia\/"},"rbea_excerpt_info":"Datenschutzerkl\u00e4rung 1. Datenschutz auf einen Blick Allgemeine Hinweise Die folgenden Hinweise geben einen einfachen \u00dcberblick dar\u00fcber, was mit Ihren personenbezogenen Daten passiert, wenn Sie diese Website besuchen. Personenbezogene Daten sind alle Daten, mit denen Sie pers\u00f6nlich identifiziert werden k\u00f6nnen. Ausf\u00fchrliche &hellip;<p class=\"read-more\"> <a class=\"more-link\" href=\"https:\/\/www.gaestehaus-willanzheim.de\/en\/datenschutz\/\"> <span class=\"screen-reader-text\">Datenschutz<\/span> Read More &raquo;<\/a><\/p>","_links":{"self":[{"href":"https:\/\/www.gaestehaus-willanzheim.de\/en\/wp-json\/wp\/v2\/pages\/1534","targetHints":{"allow":["GET"]}}],"collection":[{"href":"https:\/\/www.gaestehaus-willanzheim.de\/en\/wp-json\/wp\/v2\/pages"}],"about":[{"href":"https:\/\/www.gaestehaus-willanzheim.de\/en\/wp-json\/wp\/v2\/types\/page"}],"author":[{"embeddable":true,"href":"https:\/\/www.gaestehaus-willanzheim.de\/en\/wp-json\/wp\/v2\/users\/1"}],"replies":[{"embeddable":true,"href":"https:\/\/www.gaestehaus-willanzheim.de\/en\/wp-json\/wp\/v2\/comments?post=1534"}],"version-history":[{"count":0,"href":"https:\/\/www.gaestehaus-willanzheim.de\/en\/wp-json\/wp\/v2\/pages\/1534\/revisions"}],"wp:attachment":[{"href":"https:\/\/www.gaestehaus-willanzheim.de\/en\/wp-json\/wp\/v2\/media?parent=1534"}],"curies":[{"name":"wp","href":"https:\/\/api.w.org\/{rel}","templated":true}]}}